{"id":110975,"date":"2025-06-18T11:13:53","date_gmt":"2025-06-18T09:13:53","guid":{"rendered":"https:\/\/www.turbodoctor.ro\/produs\/geometrie-variabila-audi-a4-1-9-cod-454231-0002\/"},"modified":"2025-06-18T11:13:53","modified_gmt":"2025-06-18T09:13:53","slug":"geometrie-variabila-audi-a4-1-9-cod-454231-0002","status":"publish","type":"product","link":"https:\/\/www.turbodoctor.ro\/magazin\/produs\/geometrie-variabila-audi-a4-1-9-cod-454231-0002\/","title":{"rendered":"Geometrie Variabil\u0103 AUDI A4 1.9 (Cod 454231-0002)"},"content":{"rendered":"<h2>Geometrie variabil\u0103 de \u00eenalt\u0103 calitate<\/h2>\n<p>Component\u0103 esen\u021bial\u0103 pentru func\u021bionarea optim\u0103 a turbosuflantei, testat\u0103 \u0219i certificat\u0103.<\/p>\n","protected":false},"excerpt":{"rendered":"<p>Geometrie variabil\u0103 de \u00eenalt\u0103 calitate Component\u0103 esen\u021bial\u0103 pentru func\u021bionarea optim\u0103 a turbosuflantei, testat\u0103 \u0219i certificat\u0103.<\/p>\n","protected":false},"featured_media":112538,"comment_status":"open","ping_status":"closed","template":"","meta":[],"product_brand":[],"product_cat":[25751,25750,25749,51],"product_tag":[],"class_list":{"0":"post-110975","1":"product","2":"type-product","3":"status-publish","4":"has-post-thumbnail","6":"product_cat-1-9-a4-audi-geometrie-variabila","7":"product_cat-a4-audi-geometrie-variabila","8":"product_cat-audi-geometrie-variabila","9":"product_cat-geometrie-variabila","10":"pa_ee-nr-n001","12":"first","13":"instock","14":"shipping-taxable","15":"purchasable","16":"product-type-simple"},"_links":{"self":[{"href":"https:\/\/www.turbodoctor.ro\/magazin\/wp-json\/wp\/v2\/product\/110975","targetHints":{"allow":["GET"]}}],"collection":[{"href":"https:\/\/www.turbodoctor.ro\/magazin\/wp-json\/wp\/v2\/product"}],"about":[{"href":"https:\/\/www.turbodoctor.ro\/magazin\/wp-json\/wp\/v2\/types\/product"}],"replies":[{"embeddable":true,"href":"https:\/\/www.turbodoctor.ro\/magazin\/wp-json\/wp\/v2\/comments?post=110975"}],"wp:featuredmedia":[{"embeddable":true,"href":"https:\/\/www.turbodoctor.ro\/magazin\/wp-json\/wp\/v2\/media\/112538"}],"wp:attachment":[{"href":"https:\/\/www.turbodoctor.ro\/magazin\/wp-json\/wp\/v2\/media?parent=110975"}],"wp:term":[{"taxonomy":"product_brand","embeddable":true,"href":"https:\/\/www.turbodoctor.ro\/magazin\/wp-json\/wp\/v2\/product_brand?post=110975"},{"taxonomy":"product_cat","embeddable":true,"href":"https:\/\/www.turbodoctor.ro\/magazin\/wp-json\/wp\/v2\/product_cat?post=110975"},{"taxonomy":"product_tag","embeddable":true,"href":"https:\/\/www.turbodoctor.ro\/magazin\/wp-json\/wp\/v2\/product_tag?post=110975"}],"curies":[{"name":"wp","href":"https:\/\/api.w.org\/{rel}","templated":true}]}}