{"id":111003,"date":"2025-06-18T11:14:02","date_gmt":"2025-06-18T09:14:02","guid":{"rendered":"https:\/\/www.turbodoctor.ro\/produs\/geometrie-variabila-volvo-v40-1-9-cod-708639-0010\/"},"modified":"2025-06-18T11:14:02","modified_gmt":"2025-06-18T09:14:02","slug":"geometrie-variabila-volvo-v40-1-9-cod-708639-0010","status":"publish","type":"product","link":"https:\/\/www.turbodoctor.ro\/magazin\/produs\/geometrie-variabila-volvo-v40-1-9-cod-708639-0010\/","title":{"rendered":"Geometrie Variabil\u0103 VOLVO V40 1.9 (Cod 708639-0010)"},"content":{"rendered":"<h2>Geometrie variabil\u0103 de \u00eenalt\u0103 calitate<\/h2>\n<p>Component\u0103 esen\u021bial\u0103 pentru func\u021bionarea optim\u0103 a turbosuflantei, testat\u0103 \u0219i certificat\u0103.<\/p>\n","protected":false},"excerpt":{"rendered":"<p>Geometrie variabil\u0103 de \u00eenalt\u0103 calitate Component\u0103 esen\u021bial\u0103 pentru func\u021bionarea optim\u0103 a turbosuflantei, testat\u0103 \u0219i certificat\u0103.<\/p>\n","protected":false},"featured_media":112538,"comment_status":"open","ping_status":"closed","template":"","meta":[],"product_brand":[],"product_cat":[25793,51,25792,25789],"product_tag":[],"class_list":{"0":"post-111003","1":"product","2":"type-product","3":"status-publish","4":"has-post-thumbnail","6":"product_cat-1-9-v40-volvo-geometrie-variabila","7":"product_cat-geometrie-variabila","8":"product_cat-v40-volvo-geometrie-variabila","9":"product_cat-volvo-geometrie-variabila","10":"pa_ee-nr-n001","12":"first","13":"instock","14":"shipping-taxable","15":"purchasable","16":"product-type-simple"},"_links":{"self":[{"href":"https:\/\/www.turbodoctor.ro\/magazin\/wp-json\/wp\/v2\/product\/111003","targetHints":{"allow":["GET"]}}],"collection":[{"href":"https:\/\/www.turbodoctor.ro\/magazin\/wp-json\/wp\/v2\/product"}],"about":[{"href":"https:\/\/www.turbodoctor.ro\/magazin\/wp-json\/wp\/v2\/types\/product"}],"replies":[{"embeddable":true,"href":"https:\/\/www.turbodoctor.ro\/magazin\/wp-json\/wp\/v2\/comments?post=111003"}],"wp:featuredmedia":[{"embeddable":true,"href":"https:\/\/www.turbodoctor.ro\/magazin\/wp-json\/wp\/v2\/media\/112538"}],"wp:attachment":[{"href":"https:\/\/www.turbodoctor.ro\/magazin\/wp-json\/wp\/v2\/media?parent=111003"}],"wp:term":[{"taxonomy":"product_brand","embeddable":true,"href":"https:\/\/www.turbodoctor.ro\/magazin\/wp-json\/wp\/v2\/product_brand?post=111003"},{"taxonomy":"product_cat","embeddable":true,"href":"https:\/\/www.turbodoctor.ro\/magazin\/wp-json\/wp\/v2\/product_cat?post=111003"},{"taxonomy":"product_tag","embeddable":true,"href":"https:\/\/www.turbodoctor.ro\/magazin\/wp-json\/wp\/v2\/product_tag?post=111003"}],"curies":[{"name":"wp","href":"https:\/\/api.w.org\/{rel}","templated":true}]}}