{"id":85711,"date":"2025-06-14T20:42:24","date_gmt":"2025-06-14T20:42:24","guid":{"rendered":"http:\/\/turbodoctor.ro\/magazin\/fara-categorie\/miez-alfa-romeo-146-1-9-cod-tb0269\/"},"modified":"2026-04-02T10:12:10","modified_gmt":"2026-04-02T08:12:10","slug":"miez-turbina-alfa-romeo-146-1-9-cod-tb0269","status":"publish","type":"product","link":"https:\/\/www.turbodoctor.ro\/magazin\/produs\/miez-turbina-alfa-romeo-146-1-9-cod-tb0269\/","title":{"rendered":"Miez turbina ALFA ROMEO 146 1.9 (Cod TB0269)"},"content":{"rendered":"<h2>Miez de turbin\u0103 de \u00eenalt\u0103 calitate<\/h2>\n<p>Compatibil cu modelele specificate \u0219i certificat conform standardelor.<\/p>\n","protected":false},"excerpt":{"rendered":"<p>Miez de turbin\u0103 de \u00eenalt\u0103 calitate Compatibil cu modelele specificate \u0219i certificat conform standardelor.<\/p>\n","protected":false},"featured_media":112539,"comment_status":"open","ping_status":"closed","template":"","meta":[],"product_brand":[],"product_cat":[13740,13739,5147,3797],"product_tag":[],"class_list":{"0":"post-85711","1":"product","2":"type-product","3":"status-publish","4":"has-post-thumbnail","6":"product_cat-1-9-146","7":"product_cat-13739","8":"product_cat-alfa-romeo-miez","9":"product_cat-miez","10":"pa_ee-t2-010","12":"first","13":"instock","14":"sale","15":"shipping-taxable","16":"purchasable","17":"product-type-simple"},"_links":{"self":[{"href":"https:\/\/www.turbodoctor.ro\/magazin\/wp-json\/wp\/v2\/product\/85711","targetHints":{"allow":["GET"]}}],"collection":[{"href":"https:\/\/www.turbodoctor.ro\/magazin\/wp-json\/wp\/v2\/product"}],"about":[{"href":"https:\/\/www.turbodoctor.ro\/magazin\/wp-json\/wp\/v2\/types\/product"}],"replies":[{"embeddable":true,"href":"https:\/\/www.turbodoctor.ro\/magazin\/wp-json\/wp\/v2\/comments?post=85711"}],"wp:featuredmedia":[{"embeddable":true,"href":"https:\/\/www.turbodoctor.ro\/magazin\/wp-json\/wp\/v2\/media\/112539"}],"wp:attachment":[{"href":"https:\/\/www.turbodoctor.ro\/magazin\/wp-json\/wp\/v2\/media?parent=85711"}],"wp:term":[{"taxonomy":"product_brand","embeddable":true,"href":"https:\/\/www.turbodoctor.ro\/magazin\/wp-json\/wp\/v2\/product_brand?post=85711"},{"taxonomy":"product_cat","embeddable":true,"href":"https:\/\/www.turbodoctor.ro\/magazin\/wp-json\/wp\/v2\/product_cat?post=85711"},{"taxonomy":"product_tag","embeddable":true,"href":"https:\/\/www.turbodoctor.ro\/magazin\/wp-json\/wp\/v2\/product_tag?post=85711"}],"curies":[{"name":"wp","href":"https:\/\/api.w.org\/{rel}","templated":true}]}}